{"id":259,"date":"2020-10-20T10:59:18","date_gmt":"2020-10-20T08:59:18","guid":{"rendered":"http:\/\/www.iesalarifes.es\/iesalarifes\/?page_id=259"},"modified":"2022-11-21T10:18:24","modified_gmt":"2022-11-21T09:18:24","slug":"coeducacion","status":"publish","type":"page","link":"http:\/\/www.iesalarifes.es\/?page_id=259","title":{"rendered":"Coeducaci\u00f3n"},"content":{"rendered":"<h3 style=\"background-color: #ae99c2; color: white; padding: 20px;\">Programaci\u00f3n coeducaci\u00f3n<\/h3>\n<p>&nbsp;<\/p>\n<table style=\"border-collapse: collapse; width: 100%;\" border=\"1\">\n<tbody>\n<tr>\n<td style=\"width: 77.9936%; background-color: #edf0f2; text-align: left; vertical-align: middle;\">Plan de igualdad<\/td>\n<td style=\"width: 22.0064%;\"><a class=\"fasc-button fasc-size-medium fasc-type-glossy fasc-rounded-medium ico-fa fasc-ico-before fa-arrow-circle-o-down\" style=\"background-color: #9a3f46; color: #ffffff;\" target=\"_blank\" rel=\"noopener noreferrer\" href=\"http:\/\/www.iesalarifes.es\/wp-content\/uploads\/2020\/11\/PLAN-IGUALDAD-20-21-PDF.pdf\">Consultar<\/a><\/td>\n<\/tr>\n<\/tbody>\n<\/table>\n<p>&nbsp;<\/p>\n<h3 style=\"background-color: #ae99c2; color: white; padding: 20px;\">Actividades coeducaci\u00f3n<\/h3>\n<div>\n<div>&nbsp;<\/div>\n<div class=\"col-md-2\" style=\"background-color: #ae99c2; color: white; padding: 10px;\">21 Noviembre, 2022<\/div>\n<div class=\"col-md-10\" style=\"border: 1px solid #ae99c2; padding: 10px;\">\n<p>I CERTAMEN ART\u00cdSTICO JUVENIL MIRADAS<\/p>\n<p>El IES Alarifes Ruiz Florindo participa en el I Certamen art\u00edstico juvenil MIRADAS convocado por el distrito sanitario de Sevilla en colaboraci\u00f3n con la consejer\u00eda de Desarrollo educativo y formaci\u00f3n profesional. El objetivo es promover la convivencia igualitaria y la prevenci\u00f3n de la violencia de g\u00e9nero.<\/p>\n<table style=\"border-collapse: collapse; width: 100%; border: 0px;\" border=\"0\" cellspacing=\"0\">\n<tbody>\n<tr>\n<td style=\"width: 56.9682%; border: 0px;\"><img loading=\"lazy\" decoding=\"async\" class=\"wp-image-669 aligncenter\" src=\"http:\/\/www.iesalarifes.es\/wp-content\/uploads\/2022\/11\/TodoEsNormal.jpeg\" alt=\"\" width=\"274\" height=\"388\" srcset=\"http:\/\/www.iesalarifes.es\/wp-content\/uploads\/2022\/11\/TodoEsNormal.jpeg 1131w, http:\/\/www.iesalarifes.es\/wp-content\/uploads\/2022\/11\/TodoEsNormal-212x300.jpeg 212w, http:\/\/www.iesalarifes.es\/wp-content\/uploads\/2022\/11\/TodoEsNormal-724x1024.jpeg 724w, http:\/\/www.iesalarifes.es\/wp-content\/uploads\/2022\/11\/TodoEsNormal-768x1086.jpeg 768w, http:\/\/www.iesalarifes.es\/wp-content\/uploads\/2022\/11\/TodoEsNormal-1086x1536.jpeg 1086w\" sizes=\"auto, (max-width: 274px) 100vw, 274px\" \/><\/td>\n<td style=\"width: 43.0318%; text-align: center; border: 0px;\"><div style=\"width: 220px;\" class=\"wp-video\"><!--[if lt IE 9]><script>document.createElement('video');<\/script><![endif]-->\n<video class=\"wp-video-shortcode\" id=\"video-259-1\" width=\"220\" height=\"400\" preload=\"metadata\" controls=\"controls\"><source type=\"video\/mp4\" src=\"http:\/\/www.iesalarifes.es\/wp-content\/uploads\/2022\/11\/TodoEsNormal.mp4?_=1\" \/><a href=\"http:\/\/www.iesalarifes.es\/wp-content\/uploads\/2022\/11\/TodoEsNormal.mp4\">http:\/\/www.iesalarifes.es\/wp-content\/uploads\/2022\/11\/TodoEsNormal.mp4<\/a><\/video><\/div><\/td>\n<\/tr>\n<\/tbody>\n<\/table>\n<p>Han participado alumnos de 4ESO y 1Bach.<br \/>\nDesde Coeducaci\u00f3n queremos agradecer al alumnado y a Pedro, t\u00e9cnico de TV Fuentes, haber hecho posible este proyecto.<\/p>\n<\/div>\n<p>&nbsp;<\/p>\n<\/div>\n<div class=\"col-md-2\" style=\"background-color: #ae99c2; color: white; padding: 10px;\">18 Noviembre, 2021<\/div>\n<div class=\"col-md-10\" style=\"border: 1px solid #ae99c2; padding: 10px;\">REACCIONA &#8211; 25N D\u00eda Internacional de la Eliminaci\u00f3n de la Violencia contra la Mujer<\/div>\n<p>&nbsp;<\/p>\n<p><iframe loading=\"lazy\" title=\"REACCIONA - 25N D\u00eda Internacional de la Eliminaci\u00f3n de la Violencia contra la Mujer\" width=\"550\" height=\"309\" src=\"https:\/\/www.youtube.com\/embed\/IyOu65LjLtk?feature=oembed\" frameborder=\"0\" allow=\"accelerometer; autoplay; clipboard-write; encrypted-media; gyroscope; picture-in-picture; web-share\" referrerpolicy=\"strict-origin-when-cross-origin\" allowfullscreen><\/iframe><\/p>\n<div class=\"col-md-2\" style=\"background-color: #ae99c2; color: white; padding: 10px;\">15 Septiembre, 2021<\/div>\n<div class=\"col-md-10\" style=\"border: 1px solid #ae99c2; padding: 10px;\">ESCALERAS HACIA LA IGUALDAD<\/div>\n<p>&nbsp;<\/p>\n<p><img loading=\"lazy\" decoding=\"async\" class=\"wp-image-528 alignleft\" src=\"http:\/\/www.iesalarifes.es\/wp-content\/uploads\/2021\/09\/escalera1.jpg\" alt=\"\" width=\"190\" height=\"338\" srcset=\"http:\/\/www.iesalarifes.es\/wp-content\/uploads\/2021\/09\/escalera1.jpg 1125w, http:\/\/www.iesalarifes.es\/wp-content\/uploads\/2021\/09\/escalera1-169x300.jpg 169w, http:\/\/www.iesalarifes.es\/wp-content\/uploads\/2021\/09\/escalera1-576x1024.jpg 576w, http:\/\/www.iesalarifes.es\/wp-content\/uploads\/2021\/09\/escalera1-768x1365.jpg 768w, http:\/\/www.iesalarifes.es\/wp-content\/uploads\/2021\/09\/escalera1-864x1536.jpg 864w\" sizes=\"auto, (max-width: 190px) 100vw, 190px\" \/> <img loading=\"lazy\" decoding=\"async\" class=\"wp-image-529 alignnone\" src=\"http:\/\/www.iesalarifes.es\/wp-content\/uploads\/2021\/09\/escalera2.jpg\" alt=\"\" width=\"190\" height=\"338\" srcset=\"http:\/\/www.iesalarifes.es\/wp-content\/uploads\/2021\/09\/escalera2.jpg 1125w, http:\/\/www.iesalarifes.es\/wp-content\/uploads\/2021\/09\/escalera2-169x300.jpg 169w, http:\/\/www.iesalarifes.es\/wp-content\/uploads\/2021\/09\/escalera2-576x1024.jpg 576w, http:\/\/www.iesalarifes.es\/wp-content\/uploads\/2021\/09\/escalera2-768x1365.jpg 768w, http:\/\/www.iesalarifes.es\/wp-content\/uploads\/2021\/09\/escalera2-864x1536.jpg 864w\" sizes=\"auto, (max-width: 190px) 100vw, 190px\" \/><\/p>\n<div class=\"row\">\n<div class=\"col-md-2\" style=\"background-color: #ae99c2; color: white; padding: 10px;\">25 Noviembre, 2019<\/div>\n<div class=\"col-md-10\" style=\"border: 1px solid #ae99c2; padding: 10px;\">CONMEMORACI\u00d3N DEL D\u00cdA INTERNACIONAL DE LA NO VIOLENCIA DE G\u00c9NERO<\/div>\n<\/div>\n<p>&nbsp;<\/p>\n<p lang=\"es-ES-u-co-trad\" align=\"justify\"><span style=\"font-family: Helvetica Neue, serif;\"><span style=\"font-family: Times New Roman, serif;\"><span style=\"font-size: medium;\">Como cada a\u00f1o, se conmemora en todo el mundo el 25 de noviembre como D\u00eda Internacional de la Eliminaci\u00f3n de la Violencia contra la Mujer o D\u00eda Internacional de la No Violencia de g\u00e9nero.<\/span><\/span><\/span><\/p>\n<p lang=\"es-ES-u-co-trad\" align=\"justify\"><span style=\"font-family: Helvetica Neue, serif;\"><span style=\"font-family: Times New Roman, serif;\"><span style=\"font-size: medium;\">Por todos y todas es sabido el origen de esta efem\u00e9ride y es que tal d\u00eda como ese en 1960, las hermanas Mirabal (Rep\u00fablica Dominicana) que eran firmes feministas y defensoras de la democracia, aparecieron asesinadas. Desde 1981 se conmemora este d\u00eda en honor a su labor.<\/span><\/span><\/span><\/p>\n<p lang=\"es-ES-u-co-trad\" align=\"justify\"><span style=\"font-family: Helvetica Neue, serif;\"><span style=\"font-family: Times New Roman, serif;\"><span style=\"font-size: medium;\">En nuestro centro hemos querido sumarnos a la celebraci\u00f3n de esta efem\u00e9ride, si bien es cierto, que trabajamos la Igualdad entre g\u00e9neros y la prevenci\u00f3n de las violencias hacia las mujeres durante todo el curso dentro del II Plan Estrat\u00e9gico de Igualdad de G\u00e9nero en Educaci\u00f3n 2016-2021.<\/span><\/span><\/span><\/p>\n<p lang=\"es-ES-u-co-trad\" align=\"justify\"><span style=\"font-family: Helvetica Neue, serif;\"><span style=\"font-family: Times New Roman, serif;\"><span style=\"font-size: medium;\">Para el 25 de noviembre, desde la Coordinaci\u00f3n de Coeducaci\u00f3n y con ayuda del profesorado, se llevaron a cabo entre los d\u00edas 11 y 28 de noviembre de 2019, una serie de actividades centradas en el reconocimiento de los tipos de violencias (visionado y comentario de v\u00eddeos), actividades enfocadas a crear empat\u00eda con las mujeres que han sufrido y sufren violencia de g\u00e9nero (\u201cNo desv\u00edes la mirada\u201d, frases contra la violencia y por la igualdad y lazo morado contra la violencia) y actividades de concienciaci\u00f3n sobre el da\u00f1o que produce el machismo tanto a chicos como a chicas (microteatros contra la violencia).<\/span><\/span><\/span><\/p>\n<p lang=\"es-ES-u-co-trad\" align=\"justify\"><span style=\"font-family: Helvetica Neue, serif;\"><span style=\"font-family: Times New Roman, serif;\"><span style=\"font-size: medium;\">Todos los cursos del centro han colaborado, incluyendo el alumnado de los ciclos formativos que contin\u00faan construyendo y dotando de contenido el blog de Coeducaci\u00f3n del IES Alarifes Ruiz Florindo.<\/span><\/span><\/span><\/p>\n<p lang=\"es-ES-u-co-trad\" align=\"justify\"><span style=\"font-family: Helvetica Neue, serif;\"><span style=\"font-family: Times New Roman, serif;\"><span style=\"font-size: medium;\">Adem\u00e1s este curso hemos estrenado nuestras tres nuevas pancartas para visibilizar que nuestro centro \u201cconstruye en igualdad\u201d.<\/span><\/span><\/span><\/p>\n<p lang=\"es-ES-u-co-trad\" align=\"justify\"><span style=\"font-family: Helvetica Neue, serif;\"><span style=\"font-family: Times New Roman, serif;\"><span style=\"font-size: medium;\">Desde la Coordinaci\u00f3n de Coeducaci\u00f3n queremos agradecer tanto al profesorado como al alumnado su implicaci\u00f3n y buen hacer en estas y otras actividades realizadas en el centro.<\/span><\/span><\/span><\/p>\n<div class=\"row\">\n<div class=\"col-md-12\">[ngg src=\u00bbgalleries\u00bb ids=\u00bb4&#8243; display=\u00bbbasic_thumbnail\u00bb thumbnail_crop=\u00bb0&#8243;]<\/div>\n<\/div>\n<p><!--\n\n\n<h3 style=\"background-color:#ae99c2;color:white;padding:20px;\">Noticias por la igualdad<\/h3>\n\n\n--><\/p>\n<h3 style=\"background-color: #ae99c2; color: white; padding: 20px;\">Otras efem\u00e9rides<\/h3>\n<p>&nbsp;<\/p>\n<p>[ngg src=\u00bbgalleries\u00bb ids=\u00bb3&#8243; display=\u00bbbasic_thumbnail\u00bb thumbnail_crop=\u00bb0&#8243;]<\/p>\n<h3 style=\"background-color: #ae99c2; color: white; padding: 20px;\">Enlaces de inter\u00e9s<\/h3>\n<p>&nbsp;<\/p>\n<table style=\"border-collapse: collapse; width: 100%;\" border=\"1\">\n<tbody>\n<tr>\n<td style=\"width: 77.9936%; background-color: #edf0f2; text-align: left; vertical-align: middle;\">P\u00e1ginas web de referencia<\/td>\n<td style=\"width: 22.0064%;\"><a class=\"fasc-button fasc-size-medium fasc-type-glossy fasc-rounded-medium ico-fa fasc-ico-before fa-arrow-circle-o-down\" style=\"background-color: #9a3f46; color: #ffffff;\" target=\"_blank\" rel=\"noopener noreferrer\" href=\"http:\/\/www.iesalarifes.es\/wp-content\/uploads\/2020\/11\/paginas-de-interes-de-coeducacion.pdf\">Consultar<\/a><\/td>\n<\/tr>\n<\/tbody>\n<\/table>\n<p>&nbsp;<\/p>\n","protected":false},"excerpt":{"rendered":"<p>Programaci\u00f3n coeducaci\u00f3n &nbsp; Plan de igualdad Consultar &nbsp; Actividades coeducaci\u00f3n &nbsp; 21 Noviembre, 2022 I CERTAMEN ART\u00cdSTICO JUVENIL MIRADAS El IES Alarifes Ruiz Florindo participa en el I Certamen art\u00edstico juvenil MIRADAS convocado por el distrito sanitario de Sevilla en colaboraci\u00f3n con la consejer\u00eda de Desarrollo educativo y formaci\u00f3n profesional. El objetivo es promover la<\/p>\n","protected":false},"author":1,"featured_media":0,"parent":0,"menu_order":0,"comment_status":"closed","ping_status":"closed","template":"","meta":{"footnotes":""},"class_list":["post-259","page","type-page","status-publish","hentry"],"_links":{"self":[{"href":"http:\/\/www.iesalarifes.es\/index.php?rest_route=\/wp\/v2\/pages\/259","targetHints":{"allow":["GET"]}}],"collection":[{"href":"http:\/\/www.iesalarifes.es\/index.php?rest_route=\/wp\/v2\/pages"}],"about":[{"href":"http:\/\/www.iesalarifes.es\/index.php?rest_route=\/wp\/v2\/types\/page"}],"author":[{"embeddable":true,"href":"http:\/\/www.iesalarifes.es\/index.php?rest_route=\/wp\/v2\/users\/1"}],"replies":[{"embeddable":true,"href":"http:\/\/www.iesalarifes.es\/index.php?rest_route=%2Fwp%2Fv2%2Fcomments&post=259"}],"version-history":[{"count":36,"href":"http:\/\/www.iesalarifes.es\/index.php?rest_route=\/wp\/v2\/pages\/259\/revisions"}],"predecessor-version":[{"id":671,"href":"http:\/\/www.iesalarifes.es\/index.php?rest_route=\/wp\/v2\/pages\/259\/revisions\/671"}],"wp:attachment":[{"href":"http:\/\/www.iesalarifes.es\/index.php?rest_route=%2Fwp%2Fv2%2Fmedia&parent=259"}],"curies":[{"name":"wp","href":"https:\/\/api.w.org\/{rel}","templated":true}]}}