{"id":326,"date":"2020-10-26T21:10:38","date_gmt":"2020-10-26T20:10:38","guid":{"rendered":"http:\/\/www.iesalarifes.es\/iesalarifes\/?page_id=326"},"modified":"2023-10-26T09:37:59","modified_gmt":"2023-10-26T07:37:59","slug":"ampa-fuente-la-reina","status":"publish","type":"page","link":"http:\/\/www.iesalarifes.es\/?page_id=326","title":{"rendered":"AMPA &#8211; FUENTE LA REINA"},"content":{"rendered":"<h3>\u00daLTIMAS NOTICIAS<\/h3>\n<hr>\n<p><img loading=\"lazy\" decoding=\"async\" class=\"aligncenter size-full wp-image-745\" src=\"http:\/\/www.iesalarifes.es\/wp-content\/uploads\/2023\/10\/Info-Ampa-2023-24-e1698305783318.jpeg\" alt=\"\" width=\"495\" height=\"720\" srcset=\"http:\/\/www.iesalarifes.es\/wp-content\/uploads\/2023\/10\/Info-Ampa-2023-24-e1698305783318.jpeg 495w, http:\/\/www.iesalarifes.es\/wp-content\/uploads\/2023\/10\/Info-Ampa-2023-24-e1698305783318-206x300.jpeg 206w\" sizes=\"auto, (max-width: 495px) 100vw, 495px\" \/><\/p>\n<h3>\u00bfPOR QU\u00c9 LA AMPA?<\/h3>\n<hr>\n<table style=\"border-collapse: collapse; width: 100%;\" border=\"1\">\n<tbody>\n<tr>\n<td style=\"width: 77.9936%; background-color: #edf0f2; text-align: left; vertical-align: middle;\">Presentaci\u00f3n<\/td>\n<td style=\"width: 22.0064%;\"><a class=\"fasc-button fasc-size-medium fasc-type-glossy fasc-rounded-medium ico-fa fasc-ico-before fa-arrow-circle-o-down\" style=\"background-color: #9a3f46; color: #ffffff;\" target=\"_blank\" rel=\"noopener noreferrer\" href=\"http:\/\/www.iesalarifes.es\/wp-content\/uploads\/2020\/10\/Presentacion-por-que-la-Ampa.pdf\">Descarga<\/a><\/td>\n<\/tr>\n<\/tbody>\n<\/table>\n<p>&nbsp;<\/p>\n<h3>ESTATUTOS<\/h3>\n<table style=\"border-collapse: collapse; width: 100%;\" border=\"1\">\n<tbody>\n<tr>\n<td style=\"width: 77.9936%; background-color: #edf0f2; text-align: left; vertical-align: middle;\">Estatutos<\/td>\n<td style=\"width: 22.0064%;\"><a class=\"fasc-button fasc-size-medium fasc-type-glossy fasc-rounded-medium ico-fa fasc-ico-before fa-arrow-circle-o-down\" style=\"background-color: #9a3f46; color: #ffffff;\" target=\"_blank\" rel=\"noopener noreferrer\" href=\"http:\/\/www.iesalarifes.es\/wp-content\/uploads\/2020\/10\/Estatutos-Ampa.pdf\">Descarga<\/a><\/td>\n<\/tr>\n<\/tbody>\n<\/table>\n<p>&nbsp;<\/p>\n<h3>FUNCIONAMIENTO DE LA AMPA<\/h3>\n<p align=\"justify\">Se informa a todas las familias que la cuota de la Ampa son 12\u20ac por familia, independientemente si tiene uno o m\u00e1s hijos\/as estudiando en el instituto.<\/p>\n<p align=\"justify\">Aprovechamos la ocasi\u00f3n para invitar a cualquier familia a hacerse socia de la Ampa, y si ya eres socio, trasladar dicha invitaci\u00f3n a cualquier amigo, familiar o conocido.<\/p>\n<p>&nbsp;<\/p>\n<h3>LOS TALLERES DE LA AMPA<\/h3>\n<p align=\"justify\">Los talleres de refuerzo de la Ampa son clases de apoyo en grupo (m\u00ednimo cinco alumnos\/as y m\u00e1ximo ocho), para reforzar los conocimientos que se han dado en clase, as\u00ed como para resolver dudas o para preparar ex\u00e1menes.<\/p>\n<p align=\"justify\">Se imparten ocho horas al mes, dos horas a la semana.<\/p>\n<p align=\"justify\">La cuota de los talleres es la siguiente:<\/p>\n<ul>\n<li>\n<p align=\"justify\">15\u20ac\/mes para las familias socias de la Ampa. Si hay dos o m\u00e1s hermanos apuntados a los talleres, pagar\u00edan 12\u20ac\/mes cada uno.<\/p>\n<\/li>\n<li>\n<p align=\"justify\">20\u20ac\/mes para las familias no socias de la Ampa.<\/p>\n<\/li>\n<li>\n<p align=\"justify\">Si hay un grupo de cuatro alumnos\/as interesados\/as en formar un taller de alguna asignatura concreta, se puede montar dicho taller, siempre y cuando los\/as alumnos\/as abonen una cuota de 18\u20ac\/mes cada uno.<\/p>\n<\/li>\n<\/ul>\n<p>&nbsp;<\/p>\n<h3>CONTACTAR CON LA AMPA<\/h3>\n<table style=\"width: 100%; border-collapse: collapse;\" border=\"1\">\n<tbody>\n<tr style=\"height: 10px;\">\n<td style=\"width: 77.9936%; background-color: #edf0f2; vertical-align: top; height: 10px;\">\n<p align=\"justify\">Aqu\u00ed ten\u00e9is nuestra direcci\u00f3n de correo electr\u00f3nico para que pod\u00e1is enviarnos todas vuestras sugerencias, quejas, etc.<\/p>\n<p align=\"justify\"><u><a href=\"mailto:ampa@iesalarifes.es\" target=\"_blank\" rel=\"noopener noreferrer\">ampa@iesalarifes.es<\/a><\/u><\/p>\n<p align=\"justify\"><u><a href=\"mailto:ampafuentelareina@gmail.com\" target=\"_blank\" rel=\"noopener noreferrer\">ampafuentelareina@gmail.com<\/a><\/u><\/p>\n<\/td>\n<td style=\"width: 22.0064%; height: 10px;\"><img loading=\"lazy\" decoding=\"async\" class=\"wp-image-329 aligncenter\" src=\"http:\/\/www.iesalarifes.es\/iesalarifes\/wp-content\/uploads\/2020\/10\/logo-gmail-150x150.png\" alt=\"\" width=\"86\" height=\"86\" srcset=\"http:\/\/www.iesalarifes.es\/wp-content\/uploads\/2020\/10\/logo-gmail-150x150.png 150w, http:\/\/www.iesalarifes.es\/wp-content\/uploads\/2020\/10\/logo-gmail-300x300.png 300w, http:\/\/www.iesalarifes.es\/wp-content\/uploads\/2020\/10\/logo-gmail.png 384w\" sizes=\"auto, (max-width: 86px) 100vw, 86px\" \/><\/td>\n<\/tr>\n<tr style=\"height: 10px;\">\n<td style=\"width: 77.9936%; background-color: #edf0f2; vertical-align: top; height: 10px;\">\n<p align=\"justify\">Nuestro Facebook para que pod\u00e1is ver toda la informaci\u00f3n que vamos publicando sobre muchos temas de inter\u00e9s.<\/p>\n<\/td>\n<td style=\"width: 22.0064%; height: 10px;\"><a href=\"https:\/\/es-la.facebook.com\/pages\/category\/Education\/AMPA-Fuente-la-Reina-542082216213097\/\" target=\"_blank\" rel=\"noopener noreferrer\"><img loading=\"lazy\" decoding=\"async\" class=\"wp-image-332 aligncenter\" src=\"http:\/\/www.iesalarifes.es\/iesalarifes\/wp-content\/uploads\/2020\/10\/kisspng-facebook-inc-logo-computer-icons-facebook-messen-5af555fbaefdc9.9980502215260277717168-150x150.jpg\" alt=\"\" width=\"88\" height=\"88\" srcset=\"http:\/\/www.iesalarifes.es\/wp-content\/uploads\/2020\/10\/kisspng-facebook-inc-logo-computer-icons-facebook-messen-5af555fbaefdc9.9980502215260277717168-150x150.jpg 150w, http:\/\/www.iesalarifes.es\/wp-content\/uploads\/2020\/10\/kisspng-facebook-inc-logo-computer-icons-facebook-messen-5af555fbaefdc9.9980502215260277717168-300x300.jpg 300w, http:\/\/www.iesalarifes.es\/wp-content\/uploads\/2020\/10\/kisspng-facebook-inc-logo-computer-icons-facebook-messen-5af555fbaefdc9.9980502215260277717168.jpg 512w\" sizes=\"auto, (max-width: 88px) 100vw, 88px\" \/><\/a><\/td>\n<\/tr>\n<\/tbody>\n<\/table>\n<p>&nbsp;<\/p>\n","protected":false},"excerpt":{"rendered":"<p>\u00daLTIMAS NOTICIAS \u00bfPOR QU\u00c9 LA AMPA? Presentaci\u00f3n Descarga &nbsp; ESTATUTOS Estatutos Descarga &nbsp; FUNCIONAMIENTO DE LA AMPA Se informa a todas las familias que la cuota de la Ampa son 12\u20ac por familia, independientemente si tiene uno o m\u00e1s hijos\/as estudiando en el instituto. Aprovechamos la ocasi\u00f3n para invitar a cualquier familia a hacerse socia<\/p>\n","protected":false},"author":1,"featured_media":0,"parent":0,"menu_order":0,"comment_status":"closed","ping_status":"closed","template":"","meta":{"footnotes":""},"class_list":["post-326","page","type-page","status-publish","hentry"],"_links":{"self":[{"href":"http:\/\/www.iesalarifes.es\/index.php?rest_route=\/wp\/v2\/pages\/326","targetHints":{"allow":["GET"]}}],"collection":[{"href":"http:\/\/www.iesalarifes.es\/index.php?rest_route=\/wp\/v2\/pages"}],"about":[{"href":"http:\/\/www.iesalarifes.es\/index.php?rest_route=\/wp\/v2\/types\/page"}],"author":[{"embeddable":true,"href":"http:\/\/www.iesalarifes.es\/index.php?rest_route=\/wp\/v2\/users\/1"}],"replies":[{"embeddable":true,"href":"http:\/\/www.iesalarifes.es\/index.php?rest_route=%2Fwp%2Fv2%2Fcomments&post=326"}],"version-history":[{"count":18,"href":"http:\/\/www.iesalarifes.es\/index.php?rest_route=\/wp\/v2\/pages\/326\/revisions"}],"predecessor-version":[{"id":746,"href":"http:\/\/www.iesalarifes.es\/index.php?rest_route=\/wp\/v2\/pages\/326\/revisions\/746"}],"wp:attachment":[{"href":"http:\/\/www.iesalarifes.es\/index.php?rest_route=%2Fwp%2Fv2%2Fmedia&parent=326"}],"curies":[{"name":"wp","href":"https:\/\/api.w.org\/{rel}","templated":true}]}}