{"id":92,"date":"2019-12-18T13:11:29","date_gmt":"2019-12-18T12:11:29","guid":{"rendered":"http:\/\/localhost\/wordpress\/?page_id=92"},"modified":"2025-12-04T11:16:39","modified_gmt":"2025-12-04T10:16:39","slug":"documentos","status":"publish","type":"page","link":"https:\/\/www.iesalarifes.es\/?page_id=92","title":{"rendered":"Documentos"},"content":{"rendered":"<p>Plan de centro:<\/p>\n<hr>\n<table style=\"border-collapse: collapse; width: 100%;\" border=\"1\">\n<tbody>\n<tr>\n<td style=\"width: 77.9936%; background-color: #edf0f2; text-align: left; vertical-align: middle;\">Proyecto educativo<\/td>\n<td style=\"width: 22.0064%;\"><a class=\"fasc-button fasc-size-medium fasc-type-glossy fasc-rounded-medium ico-fa fasc-ico-before fa-arrow-circle-o-down\" style=\"background-color: #9a3f46; color: #ffffff;\" target=\"_blank\" rel=\"noopener\" href=\"http:\/\/www.iesalarifes.es\/wp-content\/uploads\/2025\/11\/Proyecto-Educativo-2025-26.pdf\">Descarga<\/a><\/td>\n<\/tr>\n<tr>\n<td style=\"width: 77.9936%; background-color: #edf0f2; text-align: left; vertical-align: middle;\">ROF<\/td>\n<td style=\"width: 22.0064%;\"><a class=\"fasc-button fasc-size-medium fasc-type-glossy fasc-rounded-medium ico-fa fasc-ico-before fa-arrow-circle-o-down\" style=\"background-color: #9a3f46; color: #ffffff;\" target=\"_blank\" rel=\"noopener\" href=\"http:\/\/www.iesalarifes.es\/wp-content\/uploads\/2025\/11\/ROF-2025-26.pdf\">Descarga<\/a><\/td>\n<\/tr>\n<tr>\n<td style=\"width: 77.9936%; background-color: #edf0f2; text-align: left; vertical-align: middle;\">Proyecto de gesti\u00f3n<\/td>\n<td style=\"width: 22.0064%;\"><a class=\"fasc-button fasc-size-medium fasc-type-glossy fasc-rounded-medium ico-fa fasc-ico-before fa-arrow-circle-o-down\" style=\"background-color: #9a3f46; color: #ffffff;\" target=\"_blank\" rel=\"noopener\" href=\"http:\/\/www.iesalarifes.es\/wp-content\/uploads\/2025\/11\/Proyecto-de-Gestion-2025-26.pdf\">Descarga<\/a><\/td>\n<\/tr>\n<\/tbody>\n<\/table>\n<p>&nbsp;<\/p>\n<p>Documentos generales:<\/p>\n<hr>\n<table style=\"height: 40px; width: 100%; border-collapse: collapse; border-style: ridge;\" border=\"1\">\n<tbody>\n<tr style=\"height: 40px;\">\n<td style=\"width: 77.6699%; height: 40px; background-color: #edf0f2; text-align: left; vertical-align: middle;\">Normas de Convivencia<\/td>\n<td style=\"width: 22.3301%; height: 40px;\"><a class=\"fasc-button fasc-size-medium fasc-type-glossy fasc-rounded-medium ico-fa fasc-ico-before fa-arrow-circle-o-down\" style=\"background-color: #9a3f46; color: #ffffff;\" target=\"_blank\" rel=\"noopener noreferrer\" href=\"http:\/\/www.iesalarifes.es\/wp-content\/uploads\/2024\/11\/Normas-de-convivencia.pdf\">Descarga<\/a><\/td>\n<\/tr>\n<tr style=\"height: 40px;\">\n<td style=\"width: 77.6699%; height: 40px; background-color: #edf0f2; text-align: left; vertical-align: middle;\">iPasen<\/td>\n<td style=\"width: 22.3301%; height: 40px;\"><a class=\"fasc-button fasc-size-medium fasc-type-glossy fasc-rounded-medium ico-fa fasc-ico-before fa-arrow-circle-o-down\" style=\"background-color: #9a3f46; color: #ffffff;\" target=\"_blank\" rel=\"noopener noreferrer\" href=\"http:\/\/www.iesalarifes.es\/wp-content\/uploads\/2021\/06\/iPasen.pdf\">Descarga<\/a><\/td>\n<\/tr>\n<tr style=\"height: 40px;\">\n<td style=\"width: 77.6699%; height: 40px; background-color: #edf0f2; text-align: left; vertical-align: middle;\">Gsuite<\/td>\n<td style=\"width: 22.3301%; height: 40px;\"><a class=\"fasc-button fasc-size-medium fasc-type-glossy fasc-rounded-medium ico-fa fasc-ico-before fa-arrow-circle-o-down\" style=\"background-color: #9a3f46; color: #ffffff;\" target=\"_blank\" rel=\"noopener noreferrer\" href=\"http:\/\/www.iesalarifes.es\/wp-content\/uploads\/2020\/09\/GSuite.pdf\">Descarga<\/a><\/td>\n<\/tr>\n<tr>\n<td style=\"width: 77.6699%; background-color: #edf0f2; text-align: left; vertical-align: middle;\">RGPD<\/td>\n<td style=\"width: 22.3301%;\"><a class=\"fasc-button fasc-size-medium fasc-type-glossy fasc-rounded-medium ico-fa fasc-ico-before fa-arrow-circle-o-down\" style=\"background-color: #9a3f46; color: #ffffff;\" target=\"_blank\" rel=\"noopener noreferrer\" href=\"http:\/\/www.iesalarifes.es\/wp-content\/uploads\/2020\/09\/RGPD.pdf\">Descarga<\/a><\/td>\n<\/tr>\n<\/tbody>\n<\/table>\n<p>&nbsp;<\/p>\n<p>Programaciones:<\/p>\n<hr>\n<table border=\"1\">\n<tbody>\n<tr>\n<td style=\"width: 77.6699%; background-color: #edf0f2; text-align: left; vertical-align: middle;\">Biolog\u00eda y Geolog\u00eda<\/td>\n<td style=\"width: 22.3301%;\"><a class=\"fasc-button fasc-size-medium fasc-type-glossy fasc-rounded-medium ico-fa fasc-ico-before fa-arrow-circle-o-down\" style=\"background-color: #9a3f46; color: #ffffff;\" target=\"_blank\" href=\"http:\/\/www.iesalarifes.es\/wp-content\/uploads\/2025\/12\/BIOLOGIA_PD_2025_26.pdf\">Descarga<\/a><\/td>\n<\/tr>\n<tr>\n<td style=\"width: 77.6699%; background-color: #edf0f2; text-align: left; vertical-align: middle;\">Educaci\u00f3n F\u00edsica<\/td>\n<td style=\"width: 22.3301%;\"><a class=\"fasc-button fasc-size-medium fasc-type-glossy fasc-rounded-medium ico-fa fasc-ico-before fa-arrow-circle-o-down\" style=\"background-color: #9a3f46; color: #ffffff;\" target=\"_blank\" href=\"http:\/\/www.iesalarifes.es\/wp-content\/uploads\/2025\/12\/EDUCACION-FISICA-PD-25_26.pdf\">Descarga<\/a><\/td>\n<\/tr>\n<tr>\n<td style=\"width: 77.6699%; background-color: #edf0f2; text-align: left; vertical-align: middle;\">Dibujo<\/td>\n<td style=\"width: 22.3301%;\"><a class=\"fasc-button fasc-size-medium fasc-type-glossy fasc-rounded-medium ico-fa fasc-ico-before fa-arrow-circle-o-down\" style=\"background-color: #9a3f46; color: #ffffff;\" target=\"_blank\" href=\"http:\/\/www.iesalarifes.es\/wp-content\/uploads\/2025\/12\/EPVA-PD-25_26.pdf\">Descarga<\/a><\/td>\n<\/tr>\n<tr>\n<td style=\"width: 77.6699%; background-color: #edf0f2; text-align: left; vertical-align: middle;\">Filosof\u00eda<\/td>\n<td style=\"width: 22.3301%;\"><a class=\"fasc-button fasc-size-medium fasc-type-glossy fasc-rounded-medium ico-fa fasc-ico-before fa-arrow-circle-o-down\" style=\"background-color: #9a3f46; color: #ffffff;\" target=\"_blank\" href=\"http:\/\/www.iesalarifes.es\/wp-content\/uploads\/2025\/12\/FILOSOFIA-PD-25_26.pdf\">Descarga<\/a><\/td>\n<\/tr>\n<tr>\n<td style=\"width: 77.6699%; background-color: #edf0f2; text-align: left; vertical-align: middle;\">F\u00edsica y Qu\u00edmica<\/td>\n<td style=\"width: 22.3301%;\"><a class=\"fasc-button fasc-size-medium fasc-type-glossy fasc-rounded-medium ico-fa fasc-ico-before fa-arrow-circle-o-down\" style=\"background-color: #9a3f46; color: #ffffff;\" target=\"_blank\" href=\"http:\/\/www.iesalarifes.es\/wp-content\/uploads\/2025\/12\/FISICA-Y-QUIMICA-PD-25_26.pdf\">Descarga<\/a><\/td>\n<\/tr>\n<tr>\n<td style=\"width: 77.6699%; background-color: #edf0f2; text-align: left; vertical-align: middle;\">Franc\u00e9s<\/td>\n<td style=\"width: 22.3301%;\"><a class=\"fasc-button fasc-size-medium fasc-type-glossy fasc-rounded-medium ico-fa fasc-ico-before fa-arrow-circle-o-down\" style=\"background-color: #9a3f46; color: #ffffff;\" target=\"_blank\" href=\"http:\/\/www.iesalarifes.es\/wp-content\/uploads\/2025\/12\/FRANCES-PD-25_26.pdf\">Descarga<\/a><\/td>\n<\/tr>\n<tr>\n<td style=\"width: 77.6699%; background-color: #edf0f2; text-align: left; vertical-align: middle;\">Geograf\u00eda e Historia<\/td>\n<td style=\"width: 22.3301%;\"><a class=\"fasc-button fasc-size-medium fasc-type-glossy fasc-rounded-medium ico-fa fasc-ico-before fa-arrow-circle-o-down\" style=\"background-color: #9a3f46; color: #ffffff;\" target=\"_blank\" href=\"http:\/\/www.iesalarifes.es\/wp-content\/uploads\/2025\/12\/GEOGRAFIA-E-HISTORIA-PD-25-26.pdf\">Descarga<\/a><\/td>\n<\/tr>\n<tr>\n<td style=\"width: 77.6699%; background-color: #edf0f2; text-align: left; vertical-align: middle;\">Inform\u00e1tica<\/td>\n<td style=\"width: 22.3301%;\"><a class=\"fasc-button fasc-size-medium fasc-type-glossy fasc-rounded-medium ico-fa fasc-ico-before fa-arrow-circle-o-down\" style=\"background-color: #9a3f46; color: #ffffff;\" target=\"_blank\" href=\"http:\/\/www.iesalarifes.es\/wp-content\/uploads\/2025\/12\/INFORMATICA-PD-25_26.pdf\">Descarga<\/a><\/td>\n<\/tr>\n<tr>\n<td style=\"width: 77.6699%; background-color: #edf0f2; text-align: left; vertical-align: middle;\">Ingl\u00e9s<\/td>\n<td style=\"width: 22.3301%;\"><a class=\"fasc-button fasc-size-medium fasc-type-glossy fasc-rounded-medium ico-fa fasc-ico-before fa-arrow-circle-o-down\" style=\"background-color: #9a3f46; color: #ffffff;\" target=\"_blank\" href=\"http:\/\/www.iesalarifes.es\/wp-content\/uploads\/2025\/12\/INGLES-PD-25_26.pdf\">Descarga<\/a><\/td>\n<\/tr>\n<tr>\n<td style=\"width: 77.6699%; background-color: #edf0f2; text-align: left; vertical-align: middle;\">Lat\u00edn y Griego<\/td>\n<td style=\"width: 22.3301%;\"><a class=\"fasc-button fasc-size-medium fasc-type-glossy fasc-rounded-medium ico-fa fasc-ico-before fa-arrow-circle-o-down\" style=\"background-color: #9a3f46; color: #ffffff;\" target=\"_blank\" href=\"http:\/\/www.iesalarifes.es\/wp-content\/uploads\/2025\/12\/LATIN-Y-GRIEGO-PD-2025_26.pdf\">Descarga<\/a><\/td>\n<\/tr>\n<tr>\n<td style=\"width: 77.6699%; background-color: #edf0f2; text-align: left; vertical-align: middle;\">Lengua Castellana y Literatura<\/td>\n<td style=\"width: 22.3301%;\"><a class=\"fasc-button fasc-size-medium fasc-type-glossy fasc-rounded-medium ico-fa fasc-ico-before fa-arrow-circle-o-down\" style=\"background-color: #9a3f46; color: #ffffff;\" target=\"_blank\" href=\"http:\/\/www.iesalarifes.es\/wp-content\/uploads\/2025\/12\/LENGUA-PD-25_26.pdf\">Descarga<\/a><\/td>\n<\/tr>\n<tr>\n<td style=\"width: 77.6699%; background-color: #edf0f2; text-align: left; vertical-align: middle;\">Matem\u00e1ticas<\/td>\n<td style=\"width: 22.3301%;\"><a class=\"fasc-button fasc-size-medium fasc-type-glossy fasc-rounded-medium ico-fa fasc-ico-before fa-arrow-circle-o-down\" style=\"background-color: #9a3f46; color: #ffffff;\" target=\"_blank\" href=\"http:\/\/www.iesalarifes.es\/wp-content\/uploads\/2025\/12\/MATEMATICAS-PD-25_26.pdf\">Descarga<\/a><\/td>\n<\/tr>\n<tr>\n<td style=\"width: 77.6699%; background-color: #edf0f2; text-align: left; vertical-align: middle;\">M\u00fasica<\/td>\n<td style=\"width: 22.3301%;\"><a class=\"fasc-button fasc-size-medium fasc-type-glossy fasc-rounded-medium ico-fa fasc-ico-before fa-arrow-circle-o-down\" style=\"background-color: #9a3f46; color: #ffffff;\" target=\"_blank\" href=\"http:\/\/www.iesalarifes.es\/wp-content\/uploads\/2025\/12\/MUSICA-PD-25_26.pdf\">Descarga<\/a><\/td>\n<\/tr>\n<tr>\n<td style=\"width: 77.6699%; background-color: #edf0f2; text-align: left; vertical-align: middle;\">Orientaci\u00f3n<\/td>\n<td style=\"width: 22.3301%;\"><a class=\"fasc-button fasc-size-medium fasc-type-glossy fasc-rounded-medium ico-fa fasc-ico-before fa-arrow-circle-o-down\" style=\"background-color: #9a3f46; color: #ffffff;\" target=\"_blank\" href=\"http:\/\/www.iesalarifes.es\/wp-content\/uploads\/2025\/12\/ORIENTACION-PD-25-26.pdf\">Descarga<\/a><\/td>\n<\/tr>\n<tr>\n<td style=\"width: 77.6699%; background-color: #edf0f2; text-align: left; vertical-align: middle;\">Religi\u00f3n<\/td>\n<td style=\"width: 22.3301%;\"><a class=\"fasc-button fasc-size-medium fasc-type-glossy fasc-rounded-medium ico-fa fasc-ico-before fa-arrow-circle-o-down\" style=\"background-color: #9a3f46; color: #ffffff;\" target=\"_blank\" rel=\"noopener\" href=\"http:\/\/www.iesalarifes.es\/wp-content\/uploads\/2024\/11\/PD-DPTO-REL-24-25.pdf\">Descarga<\/a><\/td>\n<\/tr>\n<tr>\n<td style=\"width: 77.6699%; background-color: #edf0f2; text-align: left; vertical-align: middle;\">Tecnolog\u00eda<\/td>\n<td style=\"width: 22.3301%;\"><a class=\"fasc-button fasc-size-medium fasc-type-glossy fasc-rounded-medium ico-fa fasc-ico-before fa-arrow-circle-o-down\" style=\"background-color: #9a3f46; color: #ffffff;\" target=\"_blank\" href=\"http:\/\/www.iesalarifes.es\/wp-content\/uploads\/2025\/12\/TECNOLOGIA-PD-25_26.pdf\">Descarga<\/a><\/td>\n<\/tr>\n<tr>\n<td style=\"width: 77.6699%; background-color: #edf0f2; text-align: left; vertical-align: middle;\">Formaci\u00f3n y Orientaci\u00f3n Laboral<\/td>\n<td style=\"width: 22.3301%;\"><a class=\"fasc-button fasc-size-medium fasc-type-glossy fasc-rounded-medium ico-fa fasc-ico-before fa-arrow-circle-o-down\" style=\"background-color: #9a3f46; color: #ffffff;\" target=\"_blank\" href=\"http:\/\/www.iesalarifes.es\/wp-content\/uploads\/2025\/12\/FOL-PD-25_26.pdf\">Descarga<\/a><\/td>\n<\/tr>\n<\/tbody>\n<\/table>\n<p>&nbsp;<\/p>\n","protected":false},"excerpt":{"rendered":"<p>Plan de centro: Proyecto educativo Descarga ROF Descarga Proyecto de gesti\u00f3n Descarga &nbsp; Documentos generales: Normas de Convivencia Descarga iPasen Descarga Gsuite Descarga RGPD Descarga &nbsp; Programaciones: Biolog\u00eda y Geolog\u00eda Descarga Educaci\u00f3n F\u00edsica Descarga Dibujo Descarga Filosof\u00eda Descarga F\u00edsica y Qu\u00edmica Descarga Franc\u00e9s Descarga Geograf\u00eda e Historia Descarga Inform\u00e1tica Descarga Ingl\u00e9s Descarga Lat\u00edn y Griego<\/p>\n","protected":false},"author":1,"featured_media":0,"parent":0,"menu_order":0,"comment_status":"closed","ping_status":"closed","template":"","meta":{"footnotes":""},"class_list":["post-92","page","type-page","status-publish","hentry"],"_links":{"self":[{"href":"https:\/\/www.iesalarifes.es\/index.php?rest_route=\/wp\/v2\/pages\/92","targetHints":{"allow":["GET"]}}],"collection":[{"href":"https:\/\/www.iesalarifes.es\/index.php?rest_route=\/wp\/v2\/pages"}],"about":[{"href":"https:\/\/www.iesalarifes.es\/index.php?rest_route=\/wp\/v2\/types\/page"}],"author":[{"embeddable":true,"href":"https:\/\/www.iesalarifes.es\/index.php?rest_route=\/wp\/v2\/users\/1"}],"replies":[{"embeddable":true,"href":"https:\/\/www.iesalarifes.es\/index.php?rest_route=%2Fwp%2Fv2%2Fcomments&post=92"}],"version-history":[{"count":70,"href":"https:\/\/www.iesalarifes.es\/index.php?rest_route=\/wp\/v2\/pages\/92\/revisions"}],"predecessor-version":[{"id":982,"href":"https:\/\/www.iesalarifes.es\/index.php?rest_route=\/wp\/v2\/pages\/92\/revisions\/982"}],"wp:attachment":[{"href":"https:\/\/www.iesalarifes.es\/index.php?rest_route=%2Fwp%2Fv2%2Fmedia&parent=92"}],"curies":[{"name":"wp","href":"https:\/\/api.w.org\/{rel}","templated":true}]}}